{"id":8278,"date":"2023-12-05T10:23:13","date_gmt":"2023-12-05T09:23:13","guid":{"rendered":"https:\/\/sabotiga-santanyi.com\/ratings\/"},"modified":"2023-12-05T10:23:13","modified_gmt":"2023-12-05T09:23:13","slug":"ratings","status":"publish","type":"page","link":"https:\/\/sabotiga-santanyi.com\/en\/ratings\/","title":{"rendered":"Ratings"},"content":{"rendered":"<div><style>#wprev-slider-1 .wprevpro_star_imgs{color: #FDD314;}#wprev-slider-1 .wprsp-star{color: #FDD314;}#wprev-slider-1 .wprevpro_star_imgs span.svgicons {background: #FDD314;}#wprev-slider-1 .wprev_preview_bradius_T1 {border-radius: 0px;}#wprev-slider-1 .wprev_preview_bg1_T1::after{ border-top: 30px solid ; }#wprev-slider-1 .wprs_rd_more,.wprs_rd_less,.wprevpro_btn_show_rdpop{color:#0000ee;}#wprev-slider-1 .wprevpro_star_imgs span.svgicons {width: 18px; height: 18px;}#wprev-slider-1 .wprevsiteicon {height: 32px;}<\/style><\/div><div style=\"display:none;\" class=\"wprevpro wprev-slider revnotsameheight \" data-onemobil=\"yes\"  id=\"wprev-slider-1\" data-revsameheight=\"no\" data-slideprops='{\"autoplay\": false,\"delay\": 1750,\"animation\": \"horizontal\",\"sliderspeed\": 750,\"arrows\": true,\"animateHeight\": false,\"forceheight\": \"no\",\"sliderarrowheight\": \"yes\",\"loadmorersli\": \"no\",\"totalreviewsarray\": 57,\"reviewsperpage\": 6,\"checkfloatdelay\": 0,\"sliderid\":1,\"iswidget\":false}'><ul><li>\t\t\t<div class=\"wprevpro_t1_outer_div w3_wprs-row wprevprodiv\">\r\n\t\t\t\t\t<div class=\" wprevpro_t1_DIV_1 w3_wprs-col l4 outerrevdiv\">\r\n\t\t\t<div class=\"indrevdiv wprevpro_t1_DIV_2 wprev_preview_bg1_T1 wprev_preview_bradius_T1\">\r\n\t\t\t\t<div class=\"indrevtxt wprevpro_t1_P_3 wprev_preview_tcolor1_T1\">\t\t\t\t\t<span class=\"wprevpro_star_imgs_T1\"><span class=\"starloc1 wprevpro_star_imgs wprevpro_star_imgsloc1\"><span class=\"svgicons svg-wprsp-star\"><\/span><span class=\"svgicons svg-wprsp-star\"><\/span><span class=\"svgicons svg-wprsp-star\"><\/span><span class=\"svgicons svg-wprsp-star\"><\/span><span class=\"svgicons svg-wprsp-star\"><\/span><\/span><\/span>Sehr leckeres Essen in tollem Ambiente.\t\t\t\t<\/div>\r\n\t\t\t\t\t\t\t\t\t\t\t\t\t\t\t\t\t\t\t<\/div><span class=\"wprevpro_t1_A_8\"><img decoding=\"async\" loading=\"lazy\" src=\"https:\/\/sabotiga-santanyi.com\/wp-content\/uploads\/wprevslider\/avatars\/1756067368_176.png\" alt=\"Sabrina Neuberger Avatar\" class=\"wprevpro_t1_IMG_4 wprevpro_avatarimg\" \/><\/span> <div class=\"wprevpro_t1_SPAN_5 wprev_preview_tcolor2_T1\"><div class=\"wprevpro_t1_rname wprevname\" >Sabrina<\/div><div class=\"wprev_showdate_T1 wprevdate\">8\/24\/2025<\/div> <\/div>\r\n\t\t\t\r\n\t\t<\/div>\r\n\t\t\r\n\t\t\t<div class=\" wprevpro_t1_DIV_1 w3_wprs-col l4 outerrevdiv\">\r\n\t\t\t<div class=\"indrevdiv wprevpro_t1_DIV_2 wprev_preview_bg1_T1 wprev_preview_bradius_T1\">\r\n\t\t\t\t<div class=\"indrevtxt wprevpro_t1_P_3 wprev_preview_tcolor1_T1\">\t\t\t\t\t<span class=\"wprevpro_star_imgs_T1\"><span class=\"starloc1 wprevpro_star_imgs wprevpro_star_imgsloc1\"><span class=\"svgicons svg-wprsp-star\"><\/span><span class=\"svgicons svg-wprsp-star\"><\/span><span class=\"svgicons svg-wprsp-star\"><\/span><span class=\"svgicons svg-wprsp-star\"><\/span><span class=\"svgicons svg-wprsp-star\"><\/span><\/span><\/span>Deutsche Gastst\u00e4tte mit B\u00e4ckerei. \u00dcberragend. Immer wieder gern.\t\t\t\t<\/div>\r\n\t\t\t\t\t\t\t\t\t\t\t\t\t\t\t\t\t\t\t<\/div><span class=\"wprevpro_t1_A_8\"><img decoding=\"async\" loading=\"lazy\" src=\"https:\/\/sabotiga-santanyi.com\/wp-content\/uploads\/wprevslider\/avatars\/1736243017_128.png\" alt=\"Thilo Knade Avatar\" class=\"wprevpro_t1_IMG_4 wprevpro_avatarimg\" \/><\/span> <div class=\"wprevpro_t1_SPAN_5 wprev_preview_tcolor2_T1\"><div class=\"wprevpro_t1_rname wprevname\" >Thilo<\/div><div class=\"wprev_showdate_T1 wprevdate\">1\/07\/2025<\/div> <\/div>\r\n\t\t\t\r\n\t\t<\/div>\r\n\t\t\r\n\t\t\t<div class=\" wprevpro_t1_DIV_1 w3_wprs-col l4 outerrevdiv\">\r\n\t\t\t<div class=\"indrevdiv wprevpro_t1_DIV_2 wprev_preview_bg1_T1 wprev_preview_bradius_T1\">\r\n\t\t\t\t<div class=\"indrevtxt wprevpro_t1_P_3 wprev_preview_tcolor1_T1\">\t\t\t\t\t<span class=\"wprevpro_star_imgs_T1\"><span class=\"starloc1 wprevpro_star_imgs wprevpro_star_imgsloc1\"><span class=\"svgicons svg-wprsp-star\"><\/span><span class=\"svgicons svg-wprsp-star\"><\/span><span class=\"svgicons svg-wprsp-star\"><\/span><span class=\"svgicons svg-wprsp-star\"><\/span><span class=\"svgicons svg-wprsp-star-o\"><\/span><\/span><\/span>Food was lovely. Had a selection from the Tapas menu. Gambas, champions and the chicken nuggets. All three very lovely and I\u2019d recommend all three. My wife had the Mozzarella Bombs which was our favourite for sure! ...\t\t\t\t<\/div>\r\n\t\t\t\t\t\t\t\t\t\t\t\t\t\t\t\t\t\t\t<\/div><span class=\"wprevpro_t1_A_8\"><img decoding=\"async\" loading=\"lazy\" src=\"https:\/\/sabotiga-santanyi.com\/wp-content\/uploads\/wprevslider\/avatars\/1586079497_150.png\" alt=\"Fredrik Mac Leod Avatar\" class=\"wprevpro_t1_IMG_4 wprevpro_avatarimg\" \/><\/span> <div class=\"wprevpro_t1_SPAN_5 wprev_preview_tcolor2_T1\"><div class=\"wprevpro_t1_rname wprevname\" >Fredrik<\/div><div class=\"wprev_showdate_T1 wprevdate\">4\/05\/2020<\/div> <\/div>\r\n\t\t\t\r\n\t\t<\/div>\r\n\t\t\r\n\t\t<\/div>\r\n\t\t\t\t<div class=\"wprevpro_t1_outer_div w3_wprs-row wprevprodiv\">\r\n\t\t\t\t\t<div class=\" wprevpro_t1_DIV_1 w3_wprs-col l4 outerrevdiv\">\r\n\t\t\t<div class=\"indrevdiv wprevpro_t1_DIV_2 wprev_preview_bg1_T1 wprev_preview_bradius_T1\">\r\n\t\t\t\t<div class=\"indrevtxt wprevpro_t1_P_3 wprev_preview_tcolor1_T1\">\t\t\t\t\t<span class=\"wprevpro_star_imgs_T1\"><span class=\"starloc1 wprevpro_star_imgs wprevpro_star_imgsloc1\"><span class=\"svgicons svg-wprsp-star\"><\/span><span class=\"svgicons svg-wprsp-star\"><\/span><span class=\"svgicons svg-wprsp-star\"><\/span><span class=\"svgicons svg-wprsp-star\"><\/span><span class=\"svgicons svg-wprsp-star\"><\/span><\/span><\/span>Unreal food, the tapas for fantastic and friendly service\t\t\t\t<\/div>\r\n\t\t\t\t\t\t\t\t\t\t\t\t\t\t\t\t\t\t\t<\/div><span class=\"wprevpro_t1_A_8\"><img decoding=\"async\" loading=\"lazy\" src=\"https:\/\/sabotiga-santanyi.com\/wp-content\/uploads\/wprevslider\/avatars\/1753436828_169.png\" alt=\"Danny Neeson Avatar\" class=\"wprevpro_t1_IMG_4 wprevpro_avatarimg\" \/><\/span> <div class=\"wprevpro_t1_SPAN_5 wprev_preview_tcolor2_T1\"><div class=\"wprevpro_t1_rname wprevname\" >Danny<\/div><div class=\"wprev_showdate_T1 wprevdate\">7\/25\/2025<\/div> <\/div>\r\n\t\t\t\r\n\t\t<\/div>\r\n\t\t\r\n\t\t\t<div class=\" wprevpro_t1_DIV_1 w3_wprs-col l4 outerrevdiv\">\r\n\t\t\t<div class=\"indrevdiv wprevpro_t1_DIV_2 wprev_preview_bg1_T1 wprev_preview_bradius_T1\">\r\n\t\t\t\t<div class=\"indrevtxt wprevpro_t1_P_3 wprev_preview_tcolor1_T1\">\t\t\t\t\t<span class=\"wprevpro_star_imgs_T1\"><span class=\"starloc1 wprevpro_star_imgs wprevpro_star_imgsloc1\"><span class=\"svgicons svg-wprsp-star\"><\/span><span class=\"svgicons svg-wprsp-star\"><\/span><span class=\"svgicons svg-wprsp-star\"><\/span><span class=\"svgicons svg-wprsp-star\"><\/span><span class=\"svgicons svg-wprsp-star\"><\/span><\/span><\/span>Lugar encantador!!! Decoraci\u00f3n Preciosa y el personal s\u00faper amable!!!\t\t\t\t<\/div>\r\n\t\t\t\t\t\t\t\t\t\t\t\t\t\t\t\t\t\t\t<\/div><span class=\"wprevpro_t1_A_8\"><img decoding=\"async\" loading=\"lazy\" src=\"https:\/\/sabotiga-santanyi.com\/wp-content\/uploads\/wprevslider\/avatars\/1718185242_77.png\" alt=\"Joachim Klein Avatar\" class=\"wprevpro_t1_IMG_4 wprevpro_avatarimg\" \/><\/span> <div class=\"wprevpro_t1_SPAN_5 wprev_preview_tcolor2_T1\"><div class=\"wprevpro_t1_rname wprevname\" >Joachim<\/div><div class=\"wprev_showdate_T1 wprevdate\">6\/12\/2024<\/div> <\/div>\r\n\t\t\t\r\n\t\t<\/div>\r\n\t\t\r\n\t\t\t<div class=\" wprevpro_t1_DIV_1 w3_wprs-col l4 outerrevdiv\">\r\n\t\t\t<div class=\"indrevdiv wprevpro_t1_DIV_2 wprev_preview_bg1_T1 wprev_preview_bradius_T1\">\r\n\t\t\t\t<div class=\"indrevtxt wprevpro_t1_P_3 wprev_preview_tcolor1_T1\">\t\t\t\t\t<span class=\"wprevpro_star_imgs_T1\"><span class=\"starloc1 wprevpro_star_imgs wprevpro_star_imgsloc1\"><span class=\"svgicons svg-wprsp-star\"><\/span><span class=\"svgicons svg-wprsp-star\"><\/span><span class=\"svgicons svg-wprsp-star\"><\/span><span class=\"svgicons svg-wprsp-star\"><\/span><span class=\"svgicons svg-wprsp-star\"><\/span><\/span><\/span>Had the loveliest salad and my husband a delicious entrecot. For desert we had some yummy cake and coffee. Service was faultless and so friendly, very careful and thoughtful from presentation to light chat. First review I've ever done on Google, because it was so good.\t\t\t\t<\/div>\r\n\t\t\t\t\t\t\t\t\t\t\t\t\t\t\t\t\t\t\t<\/div><span class=\"wprevpro_t1_A_8\"><img decoding=\"async\" loading=\"lazy\" src=\"https:\/\/sabotiga-santanyi.com\/wp-content\/uploads\/wprevslider\/avatars\/1649151497_152.png\" alt=\"King Lear Avatar\" class=\"wprevpro_t1_IMG_4 wprevpro_avatarimg\" \/><\/span> <div class=\"wprevpro_t1_SPAN_5 wprev_preview_tcolor2_T1\"><div class=\"wprevpro_t1_rname wprevname\" >King<\/div><div class=\"wprev_showdate_T1 wprevdate\">4\/05\/2022<\/div> <\/div>\r\n\t\t\t\r\n\t\t<\/div>\r\n\t\t\r\n\t\t<\/div>\r\n\t<\/li><li>\t\t\t<div class=\"wprevpro_t1_outer_div w3_wprs-row wprevprodiv\">\r\n\t\t\t\t\t<div class=\" wprevpro_t1_DIV_1 w3_wprs-col l4 outerrevdiv\">\r\n\t\t\t<div class=\"indrevdiv wprevpro_t1_DIV_2 wprev_preview_bg1_T1 wprev_preview_bradius_T1\">\r\n\t\t\t\t<div class=\"indrevtxt wprevpro_t1_P_3 wprev_preview_tcolor1_T1\">\t\t\t\t\t<span class=\"wprevpro_star_imgs_T1\"><span class=\"starloc1 wprevpro_star_imgs wprevpro_star_imgsloc1\"><span class=\"svgicons svg-wprsp-star\"><\/span><span class=\"svgicons svg-wprsp-star\"><\/span><span class=\"svgicons svg-wprsp-star\"><\/span><span class=\"svgicons svg-wprsp-star\"><\/span><span class=\"svgicons svg-wprsp-star\"><\/span><\/span><\/span>Good food all round. Would return.\t\t\t\t<\/div>\r\n\t\t\t\t\t\t\t\t\t\t\t\t\t\t\t\t\t\t\t<\/div><span class=\"wprevpro_t1_A_8\"><img decoding=\"async\" loading=\"lazy\" src=\"https:\/\/sabotiga-santanyi.com\/wp-content\/uploads\/wprevslider\/avatars\/1730972860_115.png\" alt=\"Patent247 Avatar\" class=\"wprevpro_t1_IMG_4 wprevpro_avatarimg\" \/><\/span> <div class=\"wprevpro_t1_SPAN_5 wprev_preview_tcolor2_T1\"><div class=\"wprevpro_t1_rname wprevname\" >Patent247<\/div><div class=\"wprev_showdate_T1 wprevdate\">11\/07\/2024<\/div> <\/div>\r\n\t\t\t\r\n\t\t<\/div>\r\n\t\t\r\n\t\t\t<div class=\" wprevpro_t1_DIV_1 w3_wprs-col l4 outerrevdiv\">\r\n\t\t\t<div class=\"indrevdiv wprevpro_t1_DIV_2 wprev_preview_bg1_T1 wprev_preview_bradius_T1\">\r\n\t\t\t\t<div class=\"indrevtxt wprevpro_t1_P_3 wprev_preview_tcolor1_T1\">\t\t\t\t\t<span class=\"wprevpro_star_imgs_T1\"><span class=\"starloc1 wprevpro_star_imgs wprevpro_star_imgsloc1\"><span class=\"svgicons svg-wprsp-star\"><\/span><span class=\"svgicons svg-wprsp-star\"><\/span><span class=\"svgicons svg-wprsp-star\"><\/span><span class=\"svgicons svg-wprsp-star\"><\/span><span class=\"svgicons svg-wprsp-star\"><\/span><\/span><\/span>Wir waren in der kleinen Eisdiele vom Sa Botiga. Direkt nebenan. Es gibt eine sehr kleine, aber daf\u00fcr sehr feine Auswahl an interessanten Eissorten. Besonders das Snickers Eis ist der Hammer. Aber auch Wei\u00dfe Schokolade mit Pistazien und die anderen Sorten wussten zu \u00fcberzeugen. Serviert wird das Eis unter anderem in einer zum Eisbecher geformten Waffel mit Schokolade. Sehr zu empfehlen.\t\t\t\t<\/div>\r\n\t\t\t\t\t\t\t\t\t\t\t\t\t\t\t\t\t\t\t<\/div><span class=\"wprevpro_t1_A_8\"><img decoding=\"async\" loading=\"lazy\" src=\"https:\/\/sabotiga-santanyi.com\/wp-content\/uploads\/wprevslider\/avatars\/1699176148_17.png\" alt=\"niklas knaack Avatar\" class=\"wprevpro_t1_IMG_4 wprevpro_avatarimg\" \/><\/span> <div class=\"wprevpro_t1_SPAN_5 wprev_preview_tcolor2_T1\"><div class=\"wprevpro_t1_rname wprevname\" >niklas<\/div><div class=\"wprev_showdate_T1 wprevdate\">11\/05\/2023<\/div> <\/div>\r\n\t\t\t\r\n\t\t<\/div>\r\n\t\t\r\n\t\t\t<div class=\" wprevpro_t1_DIV_1 w3_wprs-col l4 outerrevdiv\">\r\n\t\t\t<div class=\"indrevdiv wprevpro_t1_DIV_2 wprev_preview_bg1_T1 wprev_preview_bradius_T1\">\r\n\t\t\t\t<div class=\"indrevtxt wprevpro_t1_P_3 wprev_preview_tcolor1_T1\">\t\t\t\t\t<span class=\"wprevpro_star_imgs_T1\"><span class=\"starloc1 wprevpro_star_imgs wprevpro_star_imgsloc1\"><span class=\"svgicons svg-wprsp-star\"><\/span><span class=\"svgicons svg-wprsp-star\"><\/span><span class=\"svgicons svg-wprsp-star\"><\/span><span class=\"svgicons svg-wprsp-star\"><\/span><span class=\"svgicons svg-wprsp-star\"><\/span><\/span><\/span>Super delicious food! Brilliant location, super nice restaurant. You feel at home, everything is totally cosy. The highlight is a little black cat that roams around your legs! We will definitely be back!\t\t\t\t<\/div>\r\n\t\t\t\t\t\t\t\t\t\t\t\t\t\t\t\t\t\t\t<\/div><span class=\"wprevpro_t1_A_8\"><img decoding=\"async\" loading=\"lazy\" src=\"https:\/\/sabotiga-santanyi.com\/wp-content\/uploads\/wprevslider\/avatars\/1680687497_151.png\" alt=\"Lina Avatar\" class=\"wprevpro_t1_IMG_4 wprevpro_avatarimg\" \/><\/span> <div class=\"wprevpro_t1_SPAN_5 wprev_preview_tcolor2_T1\"><div class=\"wprevpro_t1_rname wprevname\" >Lina<\/div><div class=\"wprev_showdate_T1 wprevdate\">4\/05\/2023<\/div> <\/div>\r\n\t\t\t\r\n\t\t<\/div>\r\n\t\t\r\n\t\t<\/div>\r\n\t\t\t\t<div class=\"wprevpro_t1_outer_div w3_wprs-row wprevprodiv\">\r\n\t\t\t\t\t<div class=\" wprevpro_t1_DIV_1 w3_wprs-col l4 outerrevdiv\">\r\n\t\t\t<div class=\"indrevdiv wprevpro_t1_DIV_2 wprev_preview_bg1_T1 wprev_preview_bradius_T1\">\r\n\t\t\t\t<div class=\"indrevtxt wprevpro_t1_P_3 wprev_preview_tcolor1_T1\">\t\t\t\t\t<span class=\"wprevpro_star_imgs_T1\"><span class=\"starloc1 wprevpro_star_imgs wprevpro_star_imgsloc1\"><span class=\"svgicons svg-wprsp-star\"><\/span><span class=\"svgicons svg-wprsp-star\"><\/span><span class=\"svgicons svg-wprsp-star\"><\/span><span class=\"svgicons svg-wprsp-star\"><\/span><span class=\"svgicons svg-wprsp-star\"><\/span><\/span><\/span>Nagyon hangulatos hely, aranyos kis utc\u00e1ban az \u00e9p\u00fclet, mi a teraszon foglaltunk helyet. Az emeleten van egy mini k\u00f6nyvt\u00e1r. Az 5 vari\u00e1ci\u00f3s tapas t\u00e1lat v\u00e1lasztottuk ketten, nagyon finom volt \u00e9s j\u00f3 is laktunk. A pinc\u00e9rek nagyon kedvesek voltak.\t\t\t\t<\/div>\r\n\t\t\t\t\t\t\t\t\t\t\t\t\t\t\t\t\t\t\t<\/div><span class=\"wprevpro_t1_A_8\"><img decoding=\"async\" loading=\"lazy\" src=\"https:\/\/sabotiga-santanyi.com\/wp-content\/uploads\/wprevslider\/avatars\/1716370772_66.png\" alt=\"Anna Nagy Avatar\" class=\"wprevpro_t1_IMG_4 wprevpro_avatarimg\" \/><\/span> <div class=\"wprevpro_t1_SPAN_5 wprev_preview_tcolor2_T1\"><div class=\"wprevpro_t1_rname wprevname\" >Anna<\/div><div class=\"wprev_showdate_T1 wprevdate\">5\/22\/2024<\/div> <\/div>\r\n\t\t\t\r\n\t\t<\/div>\r\n\t\t\r\n\t\t\t<div class=\" wprevpro_t1_DIV_1 w3_wprs-col l4 outerrevdiv\">\r\n\t\t\t<div class=\"indrevdiv wprevpro_t1_DIV_2 wprev_preview_bg1_T1 wprev_preview_bradius_T1\">\r\n\t\t\t\t<div class=\"indrevtxt wprevpro_t1_P_3 wprev_preview_tcolor1_T1\">\t\t\t\t\t<span class=\"wprevpro_star_imgs_T1\"><span class=\"starloc1 wprevpro_star_imgs wprevpro_star_imgsloc1\"><span class=\"svgicons svg-wprsp-star\"><\/span><span class=\"svgicons svg-wprsp-star\"><\/span><span class=\"svgicons svg-wprsp-star\"><\/span><span class=\"svgicons svg-wprsp-star\"><\/span><span class=\"svgicons svg-wprsp-star\"><\/span><\/span><\/span>Wir waren zwar nur zum Fr\u00fchst\u00fcck dort, aber das Ambiente, das Essen und die Location holt einen ab..<br>\r\nDie Bedienung war sehr freundlich - ob der vielen G\u00e4ste aber etwas \u00fcberfordert, so mein Eindruck.<br>\r\n<br>\r\nDie Auswahl an Speisen ist gut, das Brot wird offensichtlich in einem der R\u00e4ume nebenan oder im gleichen Laden gebacken. Seeeeeehr lecker...! Das wird vor Ort auch verkauft.<br>\r\n<br>\r\nGegessen wird, wenn man nicht im Lokal sitzt, mitten auf der Stra\u00dfe. Tolle Atmosph\u00e4re und mittendrin statt nur dabei...\t\t\t\t<\/div>\r\n\t\t\t\t\t\t\t\t\t\t\t\t\t\t\t\t\t\t\t<\/div><span class=\"wprevpro_t1_A_8\"><img decoding=\"async\" loading=\"lazy\" src=\"https:\/\/sabotiga-santanyi.com\/wp-content\/uploads\/wprevslider\/avatars\/1748597207_159.png\" alt=\"Richard Kiewert Avatar\" class=\"wprevpro_t1_IMG_4 wprevpro_avatarimg\" \/><\/span> <div class=\"wprevpro_t1_SPAN_5 wprev_preview_tcolor2_T1\"><div class=\"wprevpro_t1_rname wprevname\" >Richard<\/div><div class=\"wprev_showdate_T1 wprevdate\">5\/30\/2025<\/div> <\/div>\r\n\t\t\t\r\n\t\t<\/div>\r\n\t\t\r\n\t\t\t<div class=\" wprevpro_t1_DIV_1 w3_wprs-col l4 outerrevdiv\">\r\n\t\t\t<div class=\"indrevdiv wprevpro_t1_DIV_2 wprev_preview_bg1_T1 wprev_preview_bradius_T1\">\r\n\t\t\t\t<div class=\"indrevtxt wprevpro_t1_P_3 wprev_preview_tcolor1_T1\">\t\t\t\t\t<span class=\"wprevpro_star_imgs_T1\"><span class=\"starloc1 wprevpro_star_imgs wprevpro_star_imgsloc1\"><span class=\"svgicons svg-wprsp-star\"><\/span><span class=\"svgicons svg-wprsp-star\"><\/span><span class=\"svgicons svg-wprsp-star\"><\/span><span class=\"svgicons svg-wprsp-star\"><\/span><span class=\"svgicons svg-wprsp-star\"><\/span><\/span><\/span>Oh my god! Absolutely the best cheeseburger I\u2019ve ever had. Juicy beef, homemade bun, avocado, tomato, red onion, crispy bacon, pickles, a fried egg, and just the right touch of dressing. Every bite was perfect. If you\u2019re in Santany\u00ed and love good food, don\u2019t miss this gem.\t\t\t\t<\/div>\r\n\t\t\t\t\t\t\t\t\t\t\t\t\t\t\t\t\t\t\t<\/div><span class=\"wprevpro_t1_A_8\"><img decoding=\"async\" loading=\"lazy\" src=\"https:\/\/sabotiga-santanyi.com\/wp-content\/uploads\/wprevslider\/avatars\/1753004828_174.png\" alt=\"Morten Bundgaard Selmer Avatar\" class=\"wprevpro_t1_IMG_4 wprevpro_avatarimg\" \/><\/span> <div class=\"wprevpro_t1_SPAN_5 wprev_preview_tcolor2_T1\"><div class=\"wprevpro_t1_rname wprevname\" >Morten<\/div><div class=\"wprev_showdate_T1 wprevdate\">7\/20\/2025<\/div> <\/div>\r\n\t\t\t\r\n\t\t<\/div>\r\n\t\t\r\n\t\t<\/div>\r\n\t<\/li><\/ul><\/div>\r\n\n","protected":false},"excerpt":{"rendered":"","protected":false},"author":1,"featured_media":0,"parent":0,"menu_order":0,"comment_status":"closed","ping_status":"closed","template":"elementor_header_footer","meta":{"footnotes":""},"class_list":["post-8278","page","type-page","status-publish","hentry"],"_links":{"self":[{"href":"https:\/\/sabotiga-santanyi.com\/en\/wp-json\/wp\/v2\/pages\/8278","targetHints":{"allow":["GET"]}}],"collection":[{"href":"https:\/\/sabotiga-santanyi.com\/en\/wp-json\/wp\/v2\/pages"}],"about":[{"href":"https:\/\/sabotiga-santanyi.com\/en\/wp-json\/wp\/v2\/types\/page"}],"author":[{"embeddable":true,"href":"https:\/\/sabotiga-santanyi.com\/en\/wp-json\/wp\/v2\/users\/1"}],"replies":[{"embeddable":true,"href":"https:\/\/sabotiga-santanyi.com\/en\/wp-json\/wp\/v2\/comments?post=8278"}],"version-history":[{"count":0,"href":"https:\/\/sabotiga-santanyi.com\/en\/wp-json\/wp\/v2\/pages\/8278\/revisions"}],"wp:attachment":[{"href":"https:\/\/sabotiga-santanyi.com\/en\/wp-json\/wp\/v2\/media?parent=8278"}],"curies":[{"name":"wp","href":"https:\/\/api.w.org\/{rel}","templated":true}]}}