{"id":8618,"date":"2023-12-04T14:37:53","date_gmt":"2023-12-04T13:37:53","guid":{"rendered":"https:\/\/sabotiga-santanyi.com\/pie-de-imprenta\/"},"modified":"2023-12-04T14:37:53","modified_gmt":"2023-12-04T13:37:53","slug":"pie-de-imprenta","status":"publish","type":"page","link":"https:\/\/sabotiga-santanyi.com\/es\/pie-de-imprenta\/","title":{"rendered":"Pie de imprenta"},"content":{"rendered":"<p><strong>Restaurante Sa Botiga Santany<\/strong><br \/>\nPropietarios responsables:<br \/>\nGaby y Michael Schmidt-Schulz<br \/>\nc\/del Roser 2<br \/>\n07650 Santanyi \/ Mallorca Espa\u00f1a<\/p>\n<p>Tel\u00e9fono: +34 971 163 015<br \/>\nCorreo electr\u00f3nico: kontakt@sabotiga-santanyi.com<\/p>\n<p>NIE no. X-3374772-M<\/p>\n","protected":false},"excerpt":{"rendered":"<p>Restaurante Sa Botiga Santany Propietarios responsables: Gaby y Michael Schmidt-Schulz c\/del Roser 2 07650 Santanyi \/ Mallorca Espa\u00f1a Tel\u00e9fono: +34 971 163 015 Correo electr\u00f3nico: kontakt@sabotiga-santanyi.com NIE no. X-3374772-M<\/p>\n","protected":false},"author":1,"featured_media":0,"parent":0,"menu_order":0,"comment_status":"closed","ping_status":"closed","template":"","meta":{"footnotes":""},"class_list":["post-8618","page","type-page","status-publish","hentry"],"_links":{"self":[{"href":"https:\/\/sabotiga-santanyi.com\/es\/wp-json\/wp\/v2\/pages\/8618","targetHints":{"allow":["GET"]}}],"collection":[{"href":"https:\/\/sabotiga-santanyi.com\/es\/wp-json\/wp\/v2\/pages"}],"about":[{"href":"https:\/\/sabotiga-santanyi.com\/es\/wp-json\/wp\/v2\/types\/page"}],"author":[{"embeddable":true,"href":"https:\/\/sabotiga-santanyi.com\/es\/wp-json\/wp\/v2\/users\/1"}],"replies":[{"embeddable":true,"href":"https:\/\/sabotiga-santanyi.com\/es\/wp-json\/wp\/v2\/comments?post=8618"}],"version-history":[{"count":0,"href":"https:\/\/sabotiga-santanyi.com\/es\/wp-json\/wp\/v2\/pages\/8618\/revisions"}],"wp:attachment":[{"href":"https:\/\/sabotiga-santanyi.com\/es\/wp-json\/wp\/v2\/media?parent=8618"}],"curies":[{"name":"wp","href":"https:\/\/api.w.org\/{rel}","templated":true}]}}